{"id":176,"date":"2023-10-17T21:18:41","date_gmt":"2023-10-17T21:18:41","guid":{"rendered":"https:\/\/musiarte.pt\/?page_id=176"},"modified":"2023-11-25T23:36:18","modified_gmt":"2023-11-25T23:36:18","slug":"instrumentos","status":"publish","type":"page","link":"https:\/\/musiarte.pt\/index.php\/instrumentos\/","title":{"rendered":"Instrumentos"},"content":{"rendered":"\t\t<div data-elementor-type=\"wp-page\" data-elementor-id=\"176\" class=\"elementor elementor-176\">\n\t\t\t\t<div class=\"elementor-element elementor-element-b4a8651 e-flex e-con-boxed e-con e-parent\" data-id=\"b4a8651\" data-element_type=\"container\">\n\t\t\t\t\t<div class=\"e-con-inner\">\n\t\t<div class=\"elementor-element elementor-element-7a835eb e-flex e-con-boxed elementor-invisible e-con e-child\" data-id=\"7a835eb\" data-element_type=\"container\" data-settings=\"{&quot;animation&quot;:&quot;fadeInUp&quot;}\">\n\t\t\t\t\t<div class=\"e-con-inner\">\n\t\t\t\t<div class=\"elementor-element elementor-element-ca98fd7 elementor-widget elementor-widget-heading\" data-id=\"ca98fd7\" data-element_type=\"widget\" data-widget_type=\"heading.default\">\n\t\t\t\t<div class=\"elementor-widget-container\">\n\t\t\t\t\t<h2 class=\"elementor-heading-title elementor-size-default\">os nossos<\/h2>\t\t\t\t<\/div>\n\t\t\t\t<\/div>\n\t\t\t\t<div class=\"elementor-element elementor-element-a28ec47 elementor-widget elementor-widget-heading\" data-id=\"a28ec47\" data-element_type=\"widget\" data-widget_type=\"heading.default\">\n\t\t\t\t<div class=\"elementor-widget-container\">\n\t\t\t\t\t<h2 class=\"elementor-heading-title elementor-size-default\">Instrumentos<\/h2>\t\t\t\t<\/div>\n\t\t\t\t<\/div>\n\t\t\t\t<div class=\"elementor-element elementor-element-cea34c7 elementor-widget elementor-widget-text-editor\" data-id=\"cea34c7\" data-element_type=\"widget\" data-widget_type=\"text-editor.default\">\n\t\t\t\t<div class=\"elementor-widget-container\">\n\t\t\t\t\t\t\t\t\t<p>Temos dispon\u00edveis 5 instrumentos diferentes para aprenderes. Caso queiras refor\u00e7ar os teus conhecimentos mais te\u00f3ricos e tirar d\u00favidas temos ainda dispon\u00edvel a forma\u00e7\u00e3o musical!<\/p>\t\t\t\t\t\t\t\t<\/div>\n\t\t\t\t<\/div>\n\t\t\t\t\t<\/div>\n\t\t\t\t<\/div>\n\t\t\t\t\t<\/div>\n\t\t\t\t<\/div>\n\t\t\t\t<section class=\"elementor-section elementor-top-section elementor-element elementor-element-zeyec8t elementor-section-content-middle elementor-section-boxed elementor-section-height-default elementor-section-height-default\" data-id=\"zeyec8t\" data-element_type=\"section\" data-settings=\"{&quot;background_background&quot;:&quot;classic&quot;}\">\n\t\t\t\t\t\t\t<div class=\"elementor-background-overlay\"><\/div>\n\t\t\t\t\t\t\t<div class=\"elementor-container elementor-column-gap-no\">\n\t\t\t\t\t<div class=\"elementor-column elementor-col-100 elementor-top-column elementor-element elementor-element-e6c3cb2 elementor-invisible\" data-id=\"e6c3cb2\" data-element_type=\"column\" data-settings=\"{&quot;background_background&quot;:&quot;classic&quot;,&quot;animation&quot;:&quot;fadeInUp&quot;}\">\n\t\t\t<div class=\"elementor-widget-wrap elementor-element-populated\">\n\t\t\t\t\t\t<section class=\"elementor-section elementor-inner-section elementor-element elementor-element-8fe3c28 elementor-section-content-middle elementor-section-boxed elementor-section-height-default elementor-section-height-default\" data-id=\"8fe3c28\" data-element_type=\"section\">\n\t\t\t\t\t\t<div class=\"elementor-container elementor-column-gap-no\">\n\t\t\t\t\t<div class=\"elementor-column elementor-col-33 elementor-inner-column elementor-element elementor-element-1d3972e\" data-id=\"1d3972e\" data-element_type=\"column\">\n\t\t\t<div class=\"elementor-widget-wrap elementor-element-populated\">\n\t\t\t\t\t\t<div class=\"elementor-element elementor-element-97a9ca0 elementor-widget elementor-widget-image\" data-id=\"97a9ca0\" data-element_type=\"widget\" data-widget_type=\"image.default\">\n\t\t\t\t<div class=\"elementor-widget-container\">\n\t\t\t\t\t\t\t\t\t\t\t\t\t\t\t<img fetchpriority=\"high\" decoding=\"async\" width=\"300\" height=\"300\" src=\"https:\/\/musiarte.pt\/wp-content\/uploads\/2023\/11\/guitarra-compressed-300x300.png\" class=\"attachment-medium size-medium wp-image-8999\" alt=\"\" srcset=\"https:\/\/musiarte.pt\/wp-content\/uploads\/2023\/11\/guitarra-compressed-300x300.png 300w, https:\/\/musiarte.pt\/wp-content\/uploads\/2023\/11\/guitarra-compressed-150x150.png 150w, https:\/\/musiarte.pt\/wp-content\/uploads\/2023\/11\/guitarra-compressed.png 500w\" sizes=\"(max-width: 300px) 100vw, 300px\" \/>\t\t\t\t\t\t\t\t\t\t\t\t\t\t\t<\/div>\n\t\t\t\t<\/div>\n\t\t\t\t\t<\/div>\n\t\t<\/div>\n\t\t\t\t<div class=\"elementor-column elementor-col-66 elementor-inner-column elementor-element elementor-element-793edbe\" data-id=\"793edbe\" data-element_type=\"column\">\n\t\t\t<div class=\"elementor-widget-wrap elementor-element-populated\">\n\t\t\t\t\t\t<div class=\"elementor-element elementor-element-b67906b elementor-widget elementor-widget-heading\" data-id=\"b67906b\" data-element_type=\"widget\" data-widget_type=\"heading.default\">\n\t\t\t\t<div class=\"elementor-widget-container\">\n\t\t\t\t\t<h3 class=\"elementor-heading-title elementor-size-default\">Guitarra<\/h3>\t\t\t\t<\/div>\n\t\t\t\t<\/div>\n\t\t\t\t<div class=\"elementor-element elementor-element-e08caa5 elementor-widget-mobile__width-initial elementor-widget elementor-widget-text-editor\" data-id=\"e08caa5\" data-element_type=\"widget\" data-widget_type=\"text-editor.default\">\n\t\t\t\t<div class=\"elementor-widget-container\">\n\t\t\t\t\t\t\t\t\t<p>Conhecimento s\u00f3lido e abrangente da guitarra tendo em conta as tuas prefer\u00eancias e gostos. Podes escolher entre guitarra el\u00e9trica, ac\u00fastica e cl\u00e1ssica.<\/p><p>Abordamos t\u00f3picos como postura da guitarra e das m\u00e3os, tablaturas e nota\u00e7\u00e3o standard, acordes, dedilhados,<i> fingerpicking<\/i>, t\u00e9cnicas de improvisa\u00e7\u00e3o e outras: mostramos-te como utilizar essas t\u00e9cnicas e ferramentas em situa\u00e7\u00f5es pr\u00e1ticas. Ajudamos-te a interpretar m\u00fasicas e estilos musicais de que gostes para que ganhes o gosto pela m\u00fasica e pelo teu instrumento.<\/p>\t\t\t\t\t\t\t\t<\/div>\n\t\t\t\t<\/div>\n\t\t\t\t\t<\/div>\n\t\t<\/div>\n\t\t\t\t\t<\/div>\n\t\t<\/section>\n\t\t\t\t\t<\/div>\n\t\t<\/div>\n\t\t\t\t\t<\/div>\n\t\t<\/section>\n\t\t\t\t<section class=\"elementor-section elementor-top-section elementor-element elementor-element-01d25ea elementor-section-content-middle elementor-section-boxed elementor-section-height-default elementor-section-height-default\" data-id=\"01d25ea\" data-element_type=\"section\" data-settings=\"{&quot;background_background&quot;:&quot;classic&quot;}\">\n\t\t\t\t\t\t\t<div class=\"elementor-background-overlay\"><\/div>\n\t\t\t\t\t\t\t<div class=\"elementor-container elementor-column-gap-no\">\n\t\t\t\t\t<div class=\"elementor-column elementor-col-100 elementor-top-column elementor-element elementor-element-770c743 elementor-invisible\" data-id=\"770c743\" data-element_type=\"column\" data-settings=\"{&quot;background_background&quot;:&quot;classic&quot;,&quot;animation&quot;:&quot;fadeInUp&quot;}\">\n\t\t\t<div class=\"elementor-widget-wrap elementor-element-populated\">\n\t\t\t\t\t\t<section class=\"elementor-section elementor-inner-section elementor-element elementor-element-54017da elementor-section-content-middle elementor-section-full_width elementor-section-height-default elementor-section-height-default\" data-id=\"54017da\" data-element_type=\"section\">\n\t\t\t\t\t\t<div class=\"elementor-container elementor-column-gap-no\">\n\t\t\t\t\t<div class=\"elementor-column elementor-col-33 elementor-inner-column elementor-element elementor-element-3d43ac8\" data-id=\"3d43ac8\" data-element_type=\"column\">\n\t\t\t<div class=\"elementor-widget-wrap elementor-element-populated\">\n\t\t\t\t\t\t<div class=\"elementor-element elementor-element-a2a7778 elementor-widget elementor-widget-image\" data-id=\"a2a7778\" data-element_type=\"widget\" data-widget_type=\"image.default\">\n\t\t\t\t<div class=\"elementor-widget-container\">\n\t\t\t\t\t\t\t\t\t\t\t\t\t\t\t<img decoding=\"async\" width=\"300\" height=\"300\" src=\"https:\/\/musiarte.pt\/wp-content\/uploads\/2023\/11\/Piano-300x300.jpg\" class=\"attachment-medium size-medium wp-image-8911\" alt=\"\" srcset=\"https:\/\/musiarte.pt\/wp-content\/uploads\/2023\/11\/Piano-300x300.jpg 300w, https:\/\/musiarte.pt\/wp-content\/uploads\/2023\/11\/Piano-150x150.jpg 150w, https:\/\/musiarte.pt\/wp-content\/uploads\/2023\/11\/Piano.jpg 500w\" sizes=\"(max-width: 300px) 100vw, 300px\" \/>\t\t\t\t\t\t\t\t\t\t\t\t\t\t\t<\/div>\n\t\t\t\t<\/div>\n\t\t\t\t\t<\/div>\n\t\t<\/div>\n\t\t\t\t<div class=\"elementor-column elementor-col-66 elementor-inner-column elementor-element elementor-element-b9c009b\" data-id=\"b9c009b\" data-element_type=\"column\">\n\t\t\t<div class=\"elementor-widget-wrap elementor-element-populated\">\n\t\t\t\t\t\t<div class=\"elementor-element elementor-element-549d6ef elementor-widget elementor-widget-heading\" data-id=\"549d6ef\" data-element_type=\"widget\" data-widget_type=\"heading.default\">\n\t\t\t\t<div class=\"elementor-widget-container\">\n\t\t\t\t\t<h3 class=\"elementor-heading-title elementor-size-default\">Piano<\/h3>\t\t\t\t<\/div>\n\t\t\t\t<\/div>\n\t\t\t\t<div class=\"elementor-element elementor-element-5e211a6 elementor-widget-mobile__width-initial elementor-widget elementor-widget-text-editor\" data-id=\"5e211a6\" data-element_type=\"widget\" data-widget_type=\"text-editor.default\">\n\t\t\t\t<div class=\"elementor-widget-container\">\n\t\t\t\t\t\t\t\t\t<p>Nova abordagem ao ensino tradicional cl\u00e1ssico de piano. O m\u00e9todo utillizado nas aulas \u00e9 adequado ao teu objetivo, seja ele fazer parte de uma banda, tocar apenas por divers\u00e3o ou ter conhecimento profundo.<\/p><p>Nestas aulas desenvolvemos conhecimentos sobre postura e a posi\u00e7\u00e3o correta das m\u00e3os, exerc\u00edcios e t\u00e9cnicas de execu\u00e7\u00e3o, pe\u00e7as e m\u00fasicas de que gostes de uma forma descontra\u00edda e motivadora, mas que ao mesmo tempo te permita ter um conhecimento s\u00f3lido do instrumento.<\/p>\t\t\t\t\t\t\t\t<\/div>\n\t\t\t\t<\/div>\n\t\t\t\t\t<\/div>\n\t\t<\/div>\n\t\t\t\t\t<\/div>\n\t\t<\/section>\n\t\t\t\t\t<\/div>\n\t\t<\/div>\n\t\t\t\t\t<\/div>\n\t\t<\/section>\n\t\t<div class=\"elementor-element elementor-element-46f30d0 e-flex e-con-boxed e-con e-parent\" data-id=\"46f30d0\" data-element_type=\"container\" data-settings=\"{&quot;background_background&quot;:&quot;classic&quot;}\">\n\t\t\t\t\t<div class=\"e-con-inner\">\n\t\t<div class=\"elementor-element elementor-element-5b72d8e e-con-full e-flex elementor-invisible e-con e-child\" data-id=\"5b72d8e\" data-element_type=\"container\" data-settings=\"{&quot;background_background&quot;:&quot;classic&quot;,&quot;animation&quot;:&quot;fadeInUp&quot;}\">\n\t\t<div class=\"elementor-element elementor-element-c5da75a e-con-full e-flex e-con e-child\" data-id=\"c5da75a\" data-element_type=\"container\">\n\t\t\t\t<div class=\"elementor-element elementor-element-08a09d1 elementor-widget elementor-widget-image\" data-id=\"08a09d1\" data-element_type=\"widget\" data-widget_type=\"image.default\">\n\t\t\t\t<div class=\"elementor-widget-container\">\n\t\t\t\t\t\t\t\t\t\t\t\t\t\t\t<img decoding=\"async\" width=\"500\" height=\"500\" src=\"https:\/\/musiarte.pt\/wp-content\/uploads\/2023\/11\/Ukulele.jpg\" class=\"attachment-large size-large wp-image-8912\" alt=\"\" srcset=\"https:\/\/musiarte.pt\/wp-content\/uploads\/2023\/11\/Ukulele.jpg 500w, https:\/\/musiarte.pt\/wp-content\/uploads\/2023\/11\/Ukulele-300x300.jpg 300w, https:\/\/musiarte.pt\/wp-content\/uploads\/2023\/11\/Ukulele-150x150.jpg 150w\" sizes=\"(max-width: 500px) 100vw, 500px\" \/>\t\t\t\t\t\t\t\t\t\t\t\t\t\t\t<\/div>\n\t\t\t\t<\/div>\n\t\t\t\t<div class=\"elementor-element elementor-element-acc7020 elementor-widget elementor-widget-text-editor\" data-id=\"acc7020\" data-element_type=\"widget\" data-widget_type=\"text-editor.default\">\n\t\t\t\t<div class=\"elementor-widget-container\">\n\t\t\t\t\t\t\t\t\t<h4>Ukulele<\/h4>\n<p>\u00d3timo para quem procura uma primeira abordagem aos instrumentos de cordas. \u00c9 um instrumento capaz de dar uma roupagem diferente \u00e0s m\u00fasicas para al\u00e9m dos intrumentos tradicionais.<span class=\"Apple-converted-space\">&nbsp;<\/span><\/p>\t\t\t\t\t\t\t\t<\/div>\n\t\t\t\t<\/div>\n\t\t\t\t<\/div>\n\t\t\t\t<\/div>\n\t\t<div class=\"elementor-element elementor-element-95da231 e-con-full e-flex elementor-invisible e-con e-child\" data-id=\"95da231\" data-element_type=\"container\" data-settings=\"{&quot;background_background&quot;:&quot;classic&quot;,&quot;animation&quot;:&quot;fadeInUp&quot;}\">\n\t\t<div class=\"elementor-element elementor-element-4f8afbf e-flex e-con-boxed e-con e-child\" data-id=\"4f8afbf\" data-element_type=\"container\">\n\t\t\t\t\t<div class=\"e-con-inner\">\n\t\t\t\t<div class=\"elementor-element elementor-element-7eec113 elementor-widget elementor-widget-image\" data-id=\"7eec113\" data-element_type=\"widget\" data-widget_type=\"image.default\">\n\t\t\t\t<div class=\"elementor-widget-container\">\n\t\t\t\t\t\t\t\t\t\t\t\t\t\t\t<img loading=\"lazy\" decoding=\"async\" width=\"500\" height=\"500\" src=\"https:\/\/musiarte.pt\/wp-content\/uploads\/2023\/11\/Canto.jpg\" class=\"attachment-large size-large wp-image-8908\" alt=\"\" srcset=\"https:\/\/musiarte.pt\/wp-content\/uploads\/2023\/11\/Canto.jpg 500w, https:\/\/musiarte.pt\/wp-content\/uploads\/2023\/11\/Canto-300x300.jpg 300w, https:\/\/musiarte.pt\/wp-content\/uploads\/2023\/11\/Canto-150x150.jpg 150w\" sizes=\"(max-width: 500px) 100vw, 500px\" \/>\t\t\t\t\t\t\t\t\t\t\t\t\t\t\t<\/div>\n\t\t\t\t<\/div>\n\t\t\t\t<div class=\"elementor-element elementor-element-77bf25e elementor-widget elementor-widget-text-editor\" data-id=\"77bf25e\" data-element_type=\"widget\" data-widget_type=\"text-editor.default\">\n\t\t\t\t<div class=\"elementor-widget-container\">\n\t\t\t\t\t\t\t\t\t<h4>Canto<\/h4><p>Ajuda-te a descobrir o teu potencial e a desenvolv\u00ea-lo para que te divirtas n\u00e3o s\u00f3 a cantar as m\u00fasicas que mais gostas como tamb\u00e9m a melhorar a tua t\u00e9cnica, performance vocal e confian\u00e7a para que te possas expressar de forma criativa.<\/p>\t\t\t\t\t\t\t\t<\/div>\n\t\t\t\t<\/div>\n\t\t\t\t\t<\/div>\n\t\t\t\t<\/div>\n\t\t\t\t<\/div>\n\t\t<div class=\"elementor-element elementor-element-ab597b0 e-con-full e-flex elementor-invisible e-con e-child\" data-id=\"ab597b0\" data-element_type=\"container\" data-settings=\"{&quot;background_background&quot;:&quot;classic&quot;,&quot;animation&quot;:&quot;fadeInUp&quot;}\">\n\t\t<div class=\"elementor-element elementor-element-25fc5c4 e-flex e-con-boxed e-con e-child\" data-id=\"25fc5c4\" data-element_type=\"container\">\n\t\t\t\t\t<div class=\"e-con-inner\">\n\t\t\t\t<div class=\"elementor-element elementor-element-79e7668 elementor-widget elementor-widget-image\" data-id=\"79e7668\" data-element_type=\"widget\" data-widget_type=\"image.default\">\n\t\t\t\t<div class=\"elementor-widget-container\">\n\t\t\t\t\t\t\t\t\t\t\t\t\t\t\t<img loading=\"lazy\" decoding=\"async\" width=\"500\" height=\"500\" src=\"https:\/\/musiarte.pt\/wp-content\/uploads\/2023\/11\/Violino.jpg\" class=\"attachment-large size-large wp-image-8913\" alt=\"\" srcset=\"https:\/\/musiarte.pt\/wp-content\/uploads\/2023\/11\/Violino.jpg 500w, https:\/\/musiarte.pt\/wp-content\/uploads\/2023\/11\/Violino-300x300.jpg 300w, https:\/\/musiarte.pt\/wp-content\/uploads\/2023\/11\/Violino-150x150.jpg 150w\" sizes=\"(max-width: 500px) 100vw, 500px\" \/>\t\t\t\t\t\t\t\t\t\t\t\t\t\t\t<\/div>\n\t\t\t\t<\/div>\n\t\t\t\t<div class=\"elementor-element elementor-element-c29dd90 elementor-widget elementor-widget-text-editor\" data-id=\"c29dd90\" data-element_type=\"widget\" data-widget_type=\"text-editor.default\">\n\t\t\t\t<div class=\"elementor-widget-container\">\n\t\t\t\t\t\t\t\t\t<h4>Violino<\/h4><p>Exploramos o violino usando n\u00e3o s\u00f3 a sua t\u00edpica aborgem cl\u00e1ssica como uma mais contempor\u00e2nea e divertida dependendo dos gostos e objetivos do aluno. <span class=\"Apple-converted-space\">Dos 7 aos 13 anos de idade.<\/span><\/p>\t\t\t\t\t\t\t\t<\/div>\n\t\t\t\t<\/div>\n\t\t\t\t\t<\/div>\n\t\t\t\t<\/div>\n\t\t\t\t<\/div>\n\t\t<div class=\"elementor-element elementor-element-9aba3c5 e-con-full e-flex elementor-invisible e-con e-child\" data-id=\"9aba3c5\" data-element_type=\"container\" data-settings=\"{&quot;background_background&quot;:&quot;classic&quot;,&quot;animation&quot;:&quot;fadeInUp&quot;}\">\n\t\t<div class=\"elementor-element elementor-element-64529dd e-con-full e-flex e-con e-child\" data-id=\"64529dd\" data-element_type=\"container\">\n\t\t\t\t<div class=\"elementor-element elementor-element-cfa43bc elementor-widget elementor-widget-image\" data-id=\"cfa43bc\" data-element_type=\"widget\" data-widget_type=\"image.default\">\n\t\t\t\t<div class=\"elementor-widget-container\">\n\t\t\t\t\t\t\t\t\t\t\t\t\t\t\t<img loading=\"lazy\" decoding=\"async\" width=\"500\" height=\"500\" src=\"https:\/\/musiarte.pt\/wp-content\/uploads\/2023\/11\/FMusical.jpg\" class=\"attachment-large size-large wp-image-8909\" alt=\"\" srcset=\"https:\/\/musiarte.pt\/wp-content\/uploads\/2023\/11\/FMusical.jpg 500w, https:\/\/musiarte.pt\/wp-content\/uploads\/2023\/11\/FMusical-300x300.jpg 300w, https:\/\/musiarte.pt\/wp-content\/uploads\/2023\/11\/FMusical-150x150.jpg 150w\" sizes=\"(max-width: 500px) 100vw, 500px\" \/>\t\t\t\t\t\t\t\t\t\t\t\t\t\t\t<\/div>\n\t\t\t\t<\/div>\n\t\t\t\t<div class=\"elementor-element elementor-element-be1247b elementor-widget elementor-widget-text-editor\" data-id=\"be1247b\" data-element_type=\"widget\" data-widget_type=\"text-editor.default\">\n\t\t\t\t<div class=\"elementor-widget-container\">\n\t\t\t\t\t\t\t\t\t<h4>Forma\u00e7\u00e3o Musical<\/h4><p>Ideal para complementar qualquer instrumento. Trabalhamos compet\u00eancias auditivas, de leitura, escrita e reprodu\u00e7\u00e3o musical numa vis\u00e3o mais te\u00f3rica.<\/p>\t\t\t\t\t\t\t\t<\/div>\n\t\t\t\t<\/div>\n\t\t\t\t<\/div>\n\t\t\t\t<\/div>\n\t\t\t\t\t<\/div>\n\t\t\t\t<\/div>\n\t\t\t\t<section class=\"elementor-section elementor-top-section elementor-element elementor-element-aiznh81 elementor-section-content-middle elementor-section-boxed elementor-section-height-default elementor-section-height-default\" data-id=\"aiznh81\" data-element_type=\"section\" data-settings=\"{&quot;background_background&quot;:&quot;classic&quot;}\">\n\t\t\t\t\t\t<div class=\"elementor-container elementor-column-gap-no\">\n\t\t\t\t\t<div class=\"elementor-column elementor-col-50 elementor-top-column elementor-element elementor-element-4d7ad86 elementor-invisible\" data-id=\"4d7ad86\" data-element_type=\"column\" data-settings=\"{&quot;animation&quot;:&quot;fadeInUp&quot;}\">\n\t\t\t<div class=\"elementor-widget-wrap elementor-element-populated\">\n\t\t\t\t\t\t<div class=\"elementor-element elementor-element-91de7cd elementor-widget elementor-widget-heading\" data-id=\"91de7cd\" data-element_type=\"widget\" data-widget_type=\"heading.default\">\n\t\t\t\t<div class=\"elementor-widget-container\">\n\t\t\t\t\t<h2 class=\"elementor-heading-title elementor-size-default\">J\u00e1 sabes qual instrumento queres aprender?<\/h2>\t\t\t\t<\/div>\n\t\t\t\t<\/div>\n\t\t\t\t<div class=\"elementor-element elementor-element-2eaeffd elementor-widget elementor-widget-heading\" data-id=\"2eaeffd\" data-element_type=\"widget\" data-widget_type=\"heading.default\">\n\t\t\t\t<div class=\"elementor-widget-container\">\n\t\t\t\t\t<h4 class=\"elementor-heading-title elementor-size-default\">Sabemos que com tantas op\u00e7\u00f5es \u00e9 complicado escolher apenas um!<\/h4>\t\t\t\t<\/div>\n\t\t\t\t<\/div>\n\t\t\t\t<div class=\"elementor-element elementor-element-0e457ca elementor-widget elementor-widget-text-editor\" data-id=\"0e457ca\" data-element_type=\"widget\" data-widget_type=\"text-editor.default\">\n\t\t\t\t<div class=\"elementor-widget-container\">\n\t\t\t\t\t\t\t\t\t<p>Para todos os instrumentos est\u00e3o dispon\u00edveis quatro modalidades de aprendizagem diferentes, escolhe a que mais se adequa a ti.<\/p>\t\t\t\t\t\t\t\t<\/div>\n\t\t\t\t<\/div>\n\t\t\t\t<div class=\"elementor-element elementor-element-b83d265 elementor-align-right elementor-mobile-align-center elementor-widget elementor-widget-button\" data-id=\"b83d265\" data-element_type=\"widget\" data-widget_type=\"button.default\">\n\t\t\t\t<div class=\"elementor-widget-container\">\n\t\t\t\t\t\t\t\t\t<div class=\"elementor-button-wrapper\">\n\t\t\t\t\t<a class=\"elementor-button elementor-button-link elementor-size-sm\" href=\"https:\/\/musiarte.pt\/index.php\/modalidades-2\/#\">\n\t\t\t\t\t\t<span class=\"elementor-button-content-wrapper\">\n\t\t\t\t\t\t\t\t\t<span class=\"elementor-button-text\">Modalidades<\/span>\n\t\t\t\t\t<\/span>\n\t\t\t\t\t<\/a>\n\t\t\t\t<\/div>\n\t\t\t\t\t\t\t\t<\/div>\n\t\t\t\t<\/div>\n\t\t\t\t\t<\/div>\n\t\t<\/div>\n\t\t\t\t<div class=\"elementor-column elementor-col-50 elementor-top-column elementor-element elementor-element-03a6bc5 elementor-invisible\" data-id=\"03a6bc5\" data-element_type=\"column\" data-settings=\"{&quot;animation&quot;:&quot;fadeInUp&quot;}\">\n\t\t\t<div class=\"elementor-widget-wrap elementor-element-populated\">\n\t\t\t\t\t\t<div class=\"elementor-element elementor-element-02ae585 elementor-widget elementor-widget-image\" data-id=\"02ae585\" data-element_type=\"widget\" data-widget_type=\"image.default\">\n\t\t\t\t<div class=\"elementor-widget-container\">\n\t\t\t\t\t\t\t\t\t\t\t\t\t\t\t<img loading=\"lazy\" decoding=\"async\" width=\"740\" height=\"1110\" src=\"https:\/\/musiarte.pt\/wp-content\/uploads\/2023\/10\/cute-young-woman-playing-guitar-indoors_23-2149140608.jpg\" class=\"attachment-full size-full wp-image-6392\" alt=\"\" srcset=\"https:\/\/musiarte.pt\/wp-content\/uploads\/2023\/10\/cute-young-woman-playing-guitar-indoors_23-2149140608.jpg 740w, https:\/\/musiarte.pt\/wp-content\/uploads\/2023\/10\/cute-young-woman-playing-guitar-indoors_23-2149140608-200x300.jpg 200w, https:\/\/musiarte.pt\/wp-content\/uploads\/2023\/10\/cute-young-woman-playing-guitar-indoors_23-2149140608-683x1024.jpg 683w\" sizes=\"(max-width: 740px) 100vw, 740px\" \/>\t\t\t\t\t\t\t\t\t\t\t\t\t\t\t<\/div>\n\t\t\t\t<\/div>\n\t\t\t\t\t<\/div>\n\t\t<\/div>\n\t\t\t\t\t<\/div>\n\t\t<\/section>\n\t\t\t\t<\/div>\n\t\t","protected":false},"excerpt":{"rendered":"<p>os nossos Instrumentos Temos dispon\u00edveis 5 instrumentos diferentes para aprenderes. Caso queiras refor\u00e7ar os teus conhecimentos mais te\u00f3ricos e tirar d\u00favidas temos ainda dispon\u00edvel a forma\u00e7\u00e3o musical! Guitarra Conhecimento s\u00f3lido e abrangente da guitarra tendo em conta as tuas prefer\u00eancias e gostos. Podes escolher entre guitarra el\u00e9trica, ac\u00fastica e cl\u00e1ssica. Abordamos t\u00f3picos como postura da &hellip;<\/p>\n<p class=\"read-more\"> <a class=\"\" href=\"https:\/\/musiarte.pt\/index.php\/instrumentos\/\"> <span class=\"screen-reader-text\">Instrumentos<\/span> Read More &raquo;<\/a><\/p>\n","protected":false},"author":1,"featured_media":0,"parent":0,"menu_order":0,"comment_status":"closed","ping_status":"closed","template":"","meta":{"site-sidebar-layout":"no-sidebar","site-content-layout":"page-builder","ast-site-content-layout":"full-width-container","site-content-style":"default","site-sidebar-style":"default","ast-global-header-display":"","ast-banner-title-visibility":"","ast-main-header-display":"","ast-hfb-above-header-display":"","ast-hfb-below-header-display":"","ast-hfb-mobile-header-display":"","site-post-title":"disabled","ast-breadcrumbs-content":"","ast-featured-img":"disabled","footer-sml-layout":"","theme-transparent-header-meta":"","adv-header-id-meta":"","stick-header-meta":"","header-above-stick-meta":"","header-main-stick-meta":"","header-below-stick-meta":"","astra-migrate-meta-layouts":"","ast-page-background-enabled":"default","ast-page-background-meta":{"desktop":{"background-color":"","background-image":"","background-repeat":"repeat","background-position":"center center","background-size":"auto","background-attachment":"scroll","background-type":"","background-media":"","overlay-type":"","overlay-color":"","overlay-gradient":""},"tablet":{"background-color":"","background-image":"","background-repeat":"repeat","background-position":"center center","background-size":"auto","background-attachment":"scroll","background-type":"","background-media":"","overlay-type":"","overlay-color":"","overlay-gradient":""},"mobile":{"background-color":"","background-image":"","background-repeat":"repeat","background-position":"center center","background-size":"auto","background-attachment":"scroll","background-type":"","background-media":"","overlay-type":"","overlay-color":"","overlay-gradient":""}},"ast-content-background-meta":{"desktop":{"background-color":"var(--ast-global-color-5)","background-image":"","background-repeat":"repeat","background-position":"center center","background-size":"auto","background-attachment":"scroll","background-type":"","background-media":"","overlay-type":"","overlay-color":"","overlay-gradient":""},"tablet":{"background-color":"var(--ast-global-color-5)","background-image":"","background-repeat":"repeat","background-position":"center center","background-size":"auto","background-attachment":"scroll","background-type":"","background-media":"","overlay-type":"","overlay-color":"","overlay-gradient":""},"mobile":{"background-color":"var(--ast-global-color-5)","background-image":"","background-repeat":"repeat","background-position":"center center","background-size":"auto","background-attachment":"scroll","background-type":"","background-media":"","overlay-type":"","overlay-color":"","overlay-gradient":""}},"footnotes":""},"class_list":["post-176","page","type-page","status-publish","hentry"],"_links":{"self":[{"href":"https:\/\/musiarte.pt\/index.php\/wp-json\/wp\/v2\/pages\/176","targetHints":{"allow":["GET"]}}],"collection":[{"href":"https:\/\/musiarte.pt\/index.php\/wp-json\/wp\/v2\/pages"}],"about":[{"href":"https:\/\/musiarte.pt\/index.php\/wp-json\/wp\/v2\/types\/page"}],"author":[{"embeddable":true,"href":"https:\/\/musiarte.pt\/index.php\/wp-json\/wp\/v2\/users\/1"}],"replies":[{"embeddable":true,"href":"https:\/\/musiarte.pt\/index.php\/wp-json\/wp\/v2\/comments?post=176"}],"version-history":[{"count":579,"href":"https:\/\/musiarte.pt\/index.php\/wp-json\/wp\/v2\/pages\/176\/revisions"}],"predecessor-version":[{"id":9043,"href":"https:\/\/musiarte.pt\/index.php\/wp-json\/wp\/v2\/pages\/176\/revisions\/9043"}],"wp:attachment":[{"href":"https:\/\/musiarte.pt\/index.php\/wp-json\/wp\/v2\/media?parent=176"}],"curies":[{"name":"wp","href":"https:\/\/api.w.org\/{rel}","templated":true}]}}