{"id":3,"date":"2023-10-14T18:12:31","date_gmt":"2023-10-14T18:12:31","guid":{"rendered":"https:\/\/musiarte.pt\/?page_id=3"},"modified":"2023-11-11T17:23:18","modified_gmt":"2023-11-11T17:23:18","slug":"privacy-policy","status":"publish","type":"page","link":"https:\/\/musiarte.pt\/index.php\/privacy-policy\/","title":{"rendered":"Termos e condi\u00e7\u00f5es"},"content":{"rendered":"\n<h2 class=\"wp-block-heading\">Termos e condi\u00e7\u00f5es<\/h2>\n\n\n\n<p>Bem-vindo \u00e0 MUSIARTE Estes termos e condi\u00e7\u00f5es definem as regras e regulamentos para a utiliza\u00e7\u00e3o do Website da MUSIARTE.<\/p>\n\n\n\n<p>Ao aceder a este site, presumimos que aceita estes termos e condi\u00e7\u00f5es na totalidade. N\u00e3o continue a utilizar o site da MUSIARTE se n\u00e3o aceitar todos os termos e servi\u00e7os referidos nesta p\u00e1gina.<\/p>\n\n\n\n<p>A terminologia seguinte aplica-se as estes Termos e Condi\u00e7\u00f5es, Declara\u00e7\u00e3o de Privacidade e Aviso de Isen\u00e7\u00e3o de Responsabilidade, assim como a todo e qualquer Acordo: Cliente, Voc\u00ea e Seu referem-se a si, a pessoa que est\u00e1 a aceder a este site para aceitar os termos e condi\u00e7\u00f5es da Empresa. A Empresa, N\u00f3s e Nosso, referem-se \u00e0 nossa Empresa. Entidade, Entidades, ou N\u00f3s, referem-se tanto ao Cliente como a n\u00f3s, ou s\u00f3 ao cliente ou a n\u00f3s.<\/p>\n\n\n\n<p><\/p>\n\n\n\n<h4 class=\"wp-block-heading\">Cookies<\/h4>\n\n\n\n<p>Utilizamos cookies. Ao usar o site da MUSIARTE consente a utiliza\u00e7\u00e3o de cookies de acordo com a pol\u00edtica de privacidade da MUSIARTE. A maioria dos sites interativos de hoje em dia usam cookies que nos permitem recuperar os detalhes do utilizador para cada visita.<\/p>\n\n\n\n<p>As cookies s\u00e3o usadas em algumas \u00e1reas do nosso site para permitir a funcionalidade desta \u00e1rea e facilitar a utiliza\u00e7\u00e3o dos visitantes. Alguns dos nossos afiliados \/ parceiros publicit\u00e1rios podem tamb\u00e9m usar cookies.<\/p>\n\n\n\n<p><\/p>\n\n\n\n<h4 class=\"wp-block-heading\">Licen\u00e7as<\/h4>\n\n\n\n<p>Excetuando refer\u00eancia em contr\u00e1rio, a MUSIARTE e\/ou os seus licenciantes s\u00e3o propriet\u00e1rios dos direitos de propriedade intelectual para todo o material em MUSIARTE.<\/p>\n\n\n\n<p>Todos os direitos de propriedade intelectual s\u00e3o reservados. Pode visualizar e\/ou imprimir p\u00e1ginas de (https:\/\/musiarte.pt\/) para o seu uso pessoal, sujeito \u00e0s restri\u00e7\u00f5es definidas nestes termos e condi\u00e7\u00f5es.<\/p>\n\n\n\n<p><\/p>\n\n\n\n<h4 class=\"wp-block-heading\">N\u00e3o deve<\/h4>\n\n\n\n<p>Republicar material de (https:\/\/musiarte.pt\/).<br>Vender, alugar ou sub-licenciar material de (https:\/\/musiarte.pt\/).<br>Reproduzir, duplicar ou copiar material de (https:\/\/musiarte.pt\/).<br>Redistribuir conte\u00fado de (https:\/\/musiarte.pt\/) (a n\u00e3o ser que o conte\u00fado seja feito especificamente para redistribui\u00e7\u00e3o).<br>Aviso<\/p>\n\n\n\n<p>No limite m\u00e1ximo permitido pela lei aplic\u00e1vel, exclu\u00edmos todas as representa\u00e7\u00f5es, garantias e condi\u00e7\u00f5es relacionadas com o nosso site e com a utiliza\u00e7\u00e3o deste site (incluindo, sem limita\u00e7\u00e3o, qualquer garantia impl\u00edcita na lei a respeito de qualidade satisfat\u00f3ria, adequa\u00e7\u00e3o ao prop\u00f3sito e\/ou utiliza\u00e7\u00e3o de cuidado e habilidade razo\u00e1vel).<\/p>\n\n\n\n<p><\/p>\n\n\n\n<h4 class=\"wp-block-heading\">Nada neste aviso ir\u00e1<\/h4>\n\n\n\n<p>Limitar ou excluir a nossa ou a sua responsabilidade por fraude ou declara\u00e7\u00f5es fraudulentas.<br>Limitar qualquer responsabilidade nossa ou sua de qualquer forma que n\u00e3o seja permitida de acordo com a lei aplic\u00e1vel.<br>Ou excluir qualquer das nossas, ou das suas, responsabilidades que n\u00e3o possam ser exclu\u00eddas de acordo com a lei aplic\u00e1vel.<br>As limita\u00e7\u00f5es e exclus\u00f5es de responsabilidade definidas nesta Sec\u00e7\u00e3o e em outros locais deste aviso:<br> est\u00e3o sujeitas ao par\u00e1grafo precedente; egovernam todas as responsabilidades de acordo com este aviso ou em rela\u00e7\u00e3o com a mat\u00e9ria em quest\u00e3o neste aviso, incluindo responsabilidades que surjam em contrato, responsabilidade civil (incluindo negligencia) e por qualquer quebra de dever estatut\u00e1rio.<br>Na medida em que o site, a informa\u00e7\u00e3o e os servi\u00e7os no site s\u00e3o fornecidos sem qualquer custo, n\u00e3o seremos respons\u00e1veis por qualquer perda ou dano de qualquer natureza.<\/p>\n","protected":false},"excerpt":{"rendered":"<p>Termos e condi\u00e7\u00f5es Bem-vindo \u00e0 MUSIARTE Estes termos e condi\u00e7\u00f5es definem as regras e regulamentos para a utiliza\u00e7\u00e3o do Website da MUSIARTE. Ao aceder a este site, presumimos que aceita estes termos e condi\u00e7\u00f5es na totalidade. N\u00e3o continue a utilizar o site da MUSIARTE se n\u00e3o aceitar todos os termos e servi\u00e7os referidos nesta p\u00e1gina. &hellip;<\/p>\n<p class=\"read-more\"> <a class=\"\" href=\"https:\/\/musiarte.pt\/index.php\/privacy-policy\/\"> <span class=\"screen-reader-text\">Termos e condi\u00e7\u00f5es<\/span> Read More &raquo;<\/a><\/p>\n","protected":false},"author":1,"featured_media":0,"parent":0,"menu_order":0,"comment_status":"closed","ping_status":"open","template":"","meta":{"site-sidebar-layout":"default","site-content-layout":"","ast-site-content-layout":"default","site-content-style":"default","site-sidebar-style":"default","ast-global-header-display":"","ast-banner-title-visibility":"","ast-main-header-display":"","ast-hfb-above-header-display":"","ast-hfb-below-header-display":"","ast-hfb-mobile-header-display":"","site-post-title":"disabled","ast-breadcrumbs-content":"","ast-featured-img":"","footer-sml-layout":"","theme-transparent-header-meta":"","adv-header-id-meta":"","stick-header-meta":"","header-above-stick-meta":"","header-main-stick-meta":"","header-below-stick-meta":"","astra-migrate-meta-layouts":"set","ast-page-background-enabled":"default","ast-page-background-meta":{"desktop":{"background-color":"","background-image":"","background-repeat":"repeat","background-position":"center center","background-size":"auto","background-attachment":"scroll","background-type":"","background-media":"","overlay-type":"","overlay-color":"","overlay-gradient":""},"tablet":{"background-color":"","background-image":"","background-repeat":"repeat","background-position":"center center","background-size":"auto","background-attachment":"scroll","background-type":"","background-media":"","overlay-type":"","overlay-color":"","overlay-gradient":""},"mobile":{"background-color":"","background-image":"","background-repeat":"repeat","background-position":"center center","background-size":"auto","background-attachment":"scroll","background-type":"","background-media":"","overlay-type":"","overlay-color":"","overlay-gradient":""}},"ast-content-background-meta":{"desktop":{"background-color":"var(--ast-global-color-5)","background-image":"","background-repeat":"repeat","background-position":"center center","background-size":"auto","background-attachment":"scroll","background-type":"","background-media":"","overlay-type":"","overlay-color":"","overlay-gradient":""},"tablet":{"background-color":"var(--ast-global-color-5)","background-image":"","background-repeat":"repeat","background-position":"center center","background-size":"auto","background-attachment":"scroll","background-type":"","background-media":"","overlay-type":"","overlay-color":"","overlay-gradient":""},"mobile":{"background-color":"var(--ast-global-color-5)","background-image":"","background-repeat":"repeat","background-position":"center center","background-size":"auto","background-attachment":"scroll","background-type":"","background-media":"","overlay-type":"","overlay-color":"","overlay-gradient":""}},"footnotes":""},"class_list":["post-3","page","type-page","status-publish","hentry"],"_links":{"self":[{"href":"https:\/\/musiarte.pt\/index.php\/wp-json\/wp\/v2\/pages\/3","targetHints":{"allow":["GET"]}}],"collection":[{"href":"https:\/\/musiarte.pt\/index.php\/wp-json\/wp\/v2\/pages"}],"about":[{"href":"https:\/\/musiarte.pt\/index.php\/wp-json\/wp\/v2\/types\/page"}],"author":[{"embeddable":true,"href":"https:\/\/musiarte.pt\/index.php\/wp-json\/wp\/v2\/users\/1"}],"replies":[{"embeddable":true,"href":"https:\/\/musiarte.pt\/index.php\/wp-json\/wp\/v2\/comments?post=3"}],"version-history":[{"count":6,"href":"https:\/\/musiarte.pt\/index.php\/wp-json\/wp\/v2\/pages\/3\/revisions"}],"predecessor-version":[{"id":7860,"href":"https:\/\/musiarte.pt\/index.php\/wp-json\/wp\/v2\/pages\/3\/revisions\/7860"}],"wp:attachment":[{"href":"https:\/\/musiarte.pt\/index.php\/wp-json\/wp\/v2\/media?parent=3"}],"curies":[{"name":"wp","href":"https:\/\/api.w.org\/{rel}","templated":true}]}}